{"id":6,"date":"2018-07-16T17:02:08","date_gmt":"2018-07-16T20:02:08","guid":{"rendered":"http:\/\/cafejafa.com.br\/?page_id=6"},"modified":"2018-07-26T00:09:21","modified_gmt":"2018-07-26T03:09:21","slug":"home","status":"publish","type":"page","link":"https:\/\/www.cafejafa.com.br\/","title":{"rendered":"Home"},"content":{"rendered":"<p>[vc_section full_width=&#8221;stretch_row&#8221; full_height=&#8221;yes&#8221; content_placement=&#8221;middle&#8221; video_bg=&#8221;yes&#8221; video_bg_url=&#8221;https:\/\/www.youtube.com\/watch?v=i_XV7YCRzKo&#8221; el_id=&#8221;topo&#8221; el_class=&#8221;scroller-block&#8221;][vc_row][vc_column][vc_empty_space][vc_column_text]<\/p>\n<h1 style=\"text-align: center; color: #ffffff;\">O caf\u00e9 original de Jafa<\/h1>\n<p>[\/vc_column_text][vc_column_text]<\/p>\n<h3 class=\"light\" style=\"text-align: center; color: #ffffff;\">Conhe\u00e7a o sabor \u00fanico da regi\u00e3o.<\/h3>\n<p>[\/vc_column_text]<div class=\"gem-button-container gem-button-position-center\"><a class=\"gem-button gem-button-size-medium gem-button-style-outline gem-button-text-weight-normal gem-button-border-2\" style=\"border-radius: 3px;border-color: #ffffff;color: #ffffff;\" onmouseleave=\"this.style.borderColor='#ffffff';this.style.backgroundColor='transparent';this.style.color='#ffffff';\" onmouseenter=\"this.style.borderColor='#af2e17';this.style.backgroundColor='#af2e17';this.style.color='#ffffff';\" href=\"#\" target=\"_self\">Conhe\u00e7a<\/a><\/div> [\/vc_column][\/vc_row][\/vc_section][vc_section full_width=&#8221;stretch_row&#8221; full_height=&#8221;yes&#8221; content_placement=&#8221;middle&#8221; css=&#8221;.vc_custom_1531887959086{background-color: #441700 !important;}&#8221; el_id=&#8221;conheca&#8221; el_class=&#8221;scroller-block&#8221;][vc_row][vc_column][vc_empty_space][vc_column_text]<\/p>\n<h2 style=\"text-align: center; color: #ffffff;\">O caf\u00e9 original de Jafa<\/h2>\n<p>[\/vc_column_text][vc_column_text]<\/p>\n<h3 class=\"light\" style=\"text-align: center; color: #ffffff;\">Conhe\u00e7a o sabor \u00fanico da regi\u00e3o.<\/h3>\n<p>[\/vc_column_text][vc_column_text]<\/p>\n<p style=\"text-align: center; color: #ffffff;\">Lorem ipsum dolor sit amet, has ad lorem soleat commune, mazim oratio platonem vis ne, ut tibique vivendum vim. Eripuit placerat sententiae ei quo, error gubergren no est. Quem graeci eu vis, et quidam interesset eam. Nec regione gubergren et. Ut nisl discere constituto ius, feugait moderatius ei mei, eos eu suas prompta.<\/p>\n<p>[\/vc_column_text][\/vc_column][\/vc_row][vc_row][vc_column width=&#8221;1\/3&#8243;]<div class=\"centered-box\"><div class=\"gem-icon gem-icon-pack-elegant gem-icon-size-medium  gem-icon-shape-square gem-simple-icon\" style=\"margin-bottom: 15px;opacity: 1;\"><div class=\"gem-icon-inner\" style=\"\"><span class=\"gem-icon-half-1\" style=\"color: #ffffff;\"><span class=\"back-angle\">&#xe0dc;<\/span><\/span><span class=\"gem-icon-half-2\" style=\"color: #ffffff;\"><span class=\"back-angle\">&#xe0dc;<\/span><\/span><\/div><\/div><\/div>[vc_column_text]<\/p>\n<h5 style=\"text-align: center; color: #ffffff;\">Sabor<\/h5>\n<p>[\/vc_column_text][vc_column_text]<\/p>\n<p style=\"text-align: center; color: #ffffff;\">Aeque melius nam ei. Consul admodum cu pri, vis eu case iracundia. Vero inani praesent pri ea, vis te consul corpora referrentur. Choro prodesset signiferumque cu his, interesset dissentiunt at ius.<\/p>\n<p>[\/vc_column_text][\/vc_column][vc_column width=&#8221;1\/3&#8243;]<div class=\"centered-box\"><div class=\"gem-icon gem-icon-pack-elegant gem-icon-size-medium  gem-icon-shape-square gem-simple-icon\" style=\"margin-bottom: 15px;opacity: 1;\"><div class=\"gem-icon-inner\" style=\"\"><span class=\"gem-icon-half-1\" style=\"color: #ffffff;\"><span class=\"back-angle\">&#xe0dc;<\/span><\/span><span class=\"gem-icon-half-2\" style=\"color: #ffffff;\"><span class=\"back-angle\">&#xe0dc;<\/span><\/span><\/div><\/div><\/div>[vc_column_text]<\/p>\n<h5 style=\"text-align: center; color: #ffffff;\">Sabor<\/h5>\n<p>[\/vc_column_text][vc_column_text]<\/p>\n<p style=\"text-align: center; color: #ffffff;\">Aeque melius nam ei. Consul admodum cu pri, vis eu case iracundia. Vero inani praesent pri ea, vis te consul corpora referrentur. Choro prodesset signiferumque cu his, interesset dissentiunt at ius.<\/p>\n<p>[\/vc_column_text][\/vc_column][vc_column width=&#8221;1\/3&#8243;]<div class=\"centered-box\"><div class=\"gem-icon gem-icon-pack-elegant gem-icon-size-medium  gem-icon-shape-square gem-simple-icon\" style=\"margin-bottom: 15px;opacity: 1;\"><div class=\"gem-icon-inner\" style=\"\"><span class=\"gem-icon-half-1\" style=\"color: #ffffff;\"><span class=\"back-angle\">&#xe0dc;<\/span><\/span><span class=\"gem-icon-half-2\" style=\"color: #ffffff;\"><span class=\"back-angle\">&#xe0dc;<\/span><\/span><\/div><\/div><\/div>[vc_column_text]<\/p>\n<h5 style=\"text-align: center; color: #ffffff;\">Sabor<\/h5>\n<p>[\/vc_column_text][vc_column_text]<\/p>\n<p style=\"text-align: center; color: #ffffff;\">Aeque melius nam ei. Consul admodum cu pri, vis eu case iracundia. Vero inani praesent pri ea, vis te consul corpora referrentur. Choro prodesset signiferumque cu his, interesset dissentiunt at ius.<\/p>\n<p>[\/vc_column_text][\/vc_column][\/vc_row][\/vc_section][vc_section full_width=&#8221;stretch_row&#8221; full_height=&#8221;yes&#8221; content_placement=&#8221;middle&#8221; css=&#8221;.vc_custom_1531891183053{background-color: #61933f !important;}&#8221; el_class=&#8221;scroller-block&#8221; el_id=&#8221;regiao&#8221;][vc_row][vc_column][vc_empty_space][vc_column_text]<\/p>\n<h2 style=\"text-align: center; color: #ffffff;\">No cora\u00e7\u00e3o de S\u00e3o Paulo<\/h2>\n<p>[\/vc_column_text][vc_column_text]<\/p>\n<h3 class=\"light\" style=\"text-align: center; color: #ffffff;\">Conhe\u00e7a o sabor \u00fanico da regi\u00e3o.<\/h3>\n<p>[\/vc_column_text]<div class=\"preloader\"><div class=\"preloader-spin\"><\/div><\/div> <div class=\"gem-gallery gem-gallery-hover-default no-thumbs with-pagination\" data-autoscroll=\"2000\"> <div class=\"gem-gallery-item\"> <div class=\"gem-gallery-item-image\"> <a href=\"https:\/\/www.cafejafa.com.br\/wp-content\/uploads\/2018\/07\/regiao-jafa1-2-thegem-gallery-fullwidth.jpg\" data-fancybox-group=\"gallery-69e1b2a63e3aa\" data-full-image-url=\"https:\/\/www.cafejafa.com.br\/wp-content\/uploads\/2018\/07\/regiao-jafa1-2.jpg\"> <svg width=\"20\" height=\"10\"><path d=\"M 0,10 Q 9,9 10,0 Q 11,9 20,10\" \/><\/svg> <img src=\"https:\/\/www.cafejafa.com.br\/wp-content\/uploads\/2018\/07\/regiao-jafa1-2-thegem-post-thumb-small.jpg\" alt=\"\" class=\"img-responsive\"> <span class=\"gem-gallery-caption slide-info\"> <\/span> <\/a> <span class=\"gem-gallery-line\"><\/span> <\/div> <\/div> <div class=\"gem-gallery-item\"> <div class=\"gem-gallery-item-image\"> <a href=\"https:\/\/www.cafejafa.com.br\/wp-content\/uploads\/2018\/07\/regiao-jafa2-2-thegem-gallery-fullwidth.jpg\" data-fancybox-group=\"gallery-69e1b2a63e3aa\" data-full-image-url=\"https:\/\/www.cafejafa.com.br\/wp-content\/uploads\/2018\/07\/regiao-jafa2-2.jpg\"> <svg width=\"20\" height=\"10\"><path d=\"M 0,10 Q 9,9 10,0 Q 11,9 20,10\" \/><\/svg> <img src=\"https:\/\/www.cafejafa.com.br\/wp-content\/uploads\/2018\/07\/regiao-jafa2-2-thegem-post-thumb-small.jpg\" alt=\"\" class=\"img-responsive\"> <span class=\"gem-gallery-caption slide-info\"> <\/span> <\/a> <span class=\"gem-gallery-line\"><\/span> <\/div> <\/div> <div class=\"gem-gallery-item\"> <div class=\"gem-gallery-item-image\"> <a href=\"https:\/\/www.cafejafa.com.br\/wp-content\/uploads\/2018\/07\/regiao-jafa3-2-thegem-gallery-fullwidth.jpg\" data-fancybox-group=\"gallery-69e1b2a63e3aa\" data-full-image-url=\"https:\/\/www.cafejafa.com.br\/wp-content\/uploads\/2018\/07\/regiao-jafa3-2.jpg\"> <svg width=\"20\" height=\"10\"><path d=\"M 0,10 Q 9,9 10,0 Q 11,9 20,10\" \/><\/svg> <img src=\"https:\/\/www.cafejafa.com.br\/wp-content\/uploads\/2018\/07\/regiao-jafa3-2-thegem-post-thumb-small.jpg\" alt=\"\" class=\"img-responsive\"> <span class=\"gem-gallery-caption slide-info\"> <\/span> <\/a> <span class=\"gem-gallery-line\"><\/span> <\/div> <\/div> <div class=\"gem-gallery-item\"> <div class=\"gem-gallery-item-image\"> <a href=\"https:\/\/www.cafejafa.com.br\/wp-content\/uploads\/2018\/07\/regiao-jafa4-2-thegem-gallery-fullwidth.jpg\" data-fancybox-group=\"gallery-69e1b2a63e3aa\" data-full-image-url=\"https:\/\/www.cafejafa.com.br\/wp-content\/uploads\/2018\/07\/regiao-jafa4-2.jpg\"> <svg width=\"20\" height=\"10\"><path d=\"M 0,10 Q 9,9 10,0 Q 11,9 20,10\" \/><\/svg> <img src=\"https:\/\/www.cafejafa.com.br\/wp-content\/uploads\/2018\/07\/regiao-jafa4-2-thegem-post-thumb-small.jpg\" alt=\"\" class=\"img-responsive\"> <span class=\"gem-gallery-caption slide-info\"> <\/span> <\/a> <span class=\"gem-gallery-line\"><\/span> <\/div> <\/div> <div class=\"gem-gallery-item\"> <div class=\"gem-gallery-item-image\"> <a href=\"https:\/\/www.cafejafa.com.br\/wp-content\/uploads\/2018\/07\/regiao-jafa5-2-thegem-gallery-fullwidth.jpg\" data-fancybox-group=\"gallery-69e1b2a63e3aa\" data-full-image-url=\"https:\/\/www.cafejafa.com.br\/wp-content\/uploads\/2018\/07\/regiao-jafa5-2.jpg\"> <svg width=\"20\" height=\"10\"><path d=\"M 0,10 Q 9,9 10,0 Q 11,9 20,10\" \/><\/svg> <img src=\"https:\/\/www.cafejafa.com.br\/wp-content\/uploads\/2018\/07\/regiao-jafa5-2-thegem-post-thumb-small.jpg\" alt=\"\" class=\"img-responsive\"> <span class=\"gem-gallery-caption slide-info\"> <\/span> <\/a> <span class=\"gem-gallery-line\"><\/span> <\/div> <\/div> <div class=\"gem-gallery-item\"> <div class=\"gem-gallery-item-image\"> <a href=\"https:\/\/www.cafejafa.com.br\/wp-content\/uploads\/2018\/07\/regiao-jafa6-1-thegem-gallery-fullwidth.jpg\" data-fancybox-group=\"gallery-69e1b2a63e3aa\" data-full-image-url=\"https:\/\/www.cafejafa.com.br\/wp-content\/uploads\/2018\/07\/regiao-jafa6-1.jpg\"> <svg width=\"20\" height=\"10\"><path d=\"M 0,10 Q 9,9 10,0 Q 11,9 20,10\" \/><\/svg> <img src=\"https:\/\/www.cafejafa.com.br\/wp-content\/uploads\/2018\/07\/regiao-jafa6-1-thegem-post-thumb-small.jpg\" alt=\"\" class=\"img-responsive\"> <span class=\"gem-gallery-caption slide-info\"> <\/span> <\/a> <span class=\"gem-gallery-line\"><\/span> <\/div> <\/div> <\/div>[\/vc_column][\/vc_row][\/vc_section][vc_section full_width=&#8221;stretch_row&#8221; full_height=&#8221;yes&#8221; content_placement=&#8221;middle&#8221; css=&#8221;.vc_custom_1531956512454{background-color: #af2e17 !important;}&#8221; el_class=&#8221;scroller-block&#8221; el_id=&#8221;empresa&#8221;][vc_row full_width=&#8221;stretch_row&#8221; full_height=&#8221;yes&#8221; equal_height=&#8221;yes&#8221; content_placement=&#8221;middle&#8221;][vc_column width=&#8221;2\/3&#8243;][vc_empty_space][vc_column_text]<\/p>\n<h2 style=\"text-align: center; color: #ffffff;\">Produzimos um caf\u00e9 \u00fanico<\/h2>\n<p>[\/vc_column_text][vc_column_text]<\/p>\n<h3 class=\"light\" style=\"text-align: center; color: #ffffff;\">Sabor e qualidade sem igual.<\/h3>\n<p>[\/vc_column_text][vc_column_text]<\/p>\n<p style=\"text-align: center; color: #ffffff;\">Lorem ipsum dolor sit amet, has ad lorem soleat commune, mazim oratio platonem vis ne, ut tibique vivendum vim. Eripuit placerat sententiae ei quo, error gubergren no est. Quem graeci eu vis, et quidam interesset eam. Nec regione gubergren et. Ut nisl discere constituto ius, feugait moderatius ei mei, eos eu suas prompta.<\/p>\n<p style=\"text-align: center; color: #ffffff;\">Aeque melius nam ei. Consul admodum cu pri, vis eu case iracundia. Vero inani praesent pri ea, vis te consul corpora referrentur. Choro prodesset signiferumque cu his, interesset dissentiunt at ius. Nemore appellantur nam at, nihil iudicabit id pri, ei mei mazim aperiri. Pro saepe persequeris te. Bonorum petentium molestiae usu ei, quo in laudem vocibus gloriatur.<\/p>\n<p>[\/vc_column_text][\/vc_column][vc_column width=&#8221;1\/3&#8243; css=&#8221;.vc_custom_1531955659146{background-image: url(http:\/\/cafejafa.com.br\/wp-content\/uploads\/2018\/07\/cafe-splash.jpg?id=168) !important;}&#8221;][\/vc_column][\/vc_row][\/vc_section][vc_section full_width=&#8221;stretch_row&#8221; content_placement=&#8221;middle&#8221; css=&#8221;.vc_custom_1531892957842{background-color: #121212 !important;}&#8221; el_class=&#8221;scroller-block&#8221; el_id=&#8221;contato&#8221;][vc_row][vc_column][vc_empty_space height=&#8221;64px&#8221;][vc_column_text]<\/p>\n<h2 style=\"text-align: center; color: #ffffff;\">Entre em contato<\/h2>\n<p>[\/vc_column_text][vc_row_inner][vc_column_inner width=&#8221;1\/3&#8243;][\/vc_column_inner][vc_column_inner width=&#8221;1\/3&#8243;]\n<div class=\"wpcf7 no-js\" id=\"wpcf7-f8-o1\" lang=\"pt-BR\" dir=\"ltr\">\n<div class=\"screen-reader-response\"><p role=\"status\" aria-live=\"polite\" aria-atomic=\"true\"><\/p> <ul><\/ul><\/div>\n<form action=\"\/index.php\/wp-json\/wp\/v2\/pages\/6#wpcf7-f8-o1\" method=\"post\" class=\"wpcf7-form init\" aria-label=\"Formul\u00e1rios de contato\" novalidate=\"novalidate\" data-status=\"init\">\n<div style=\"display: none;\">\n<input type=\"hidden\" name=\"_wpcf7\" value=\"8\" \/>\n<input type=\"hidden\" name=\"_wpcf7_version\" value=\"5.7.7\" \/>\n<input type=\"hidden\" name=\"_wpcf7_locale\" value=\"pt_BR\" \/>\n<input type=\"hidden\" name=\"_wpcf7_unit_tag\" value=\"wpcf7-f8-o1\" \/>\n<input type=\"hidden\" name=\"_wpcf7_container_post\" value=\"0\" \/>\n<input type=\"hidden\" name=\"_wpcf7_posted_data_hash\" value=\"\" \/>\n<\/div>\n<p><label> Seu nome<br \/>\n<span class=\"wpcf7-form-control-wrap\" data-name=\"your-name\"><input size=\"40\" class=\"wpcf7-form-control wpcf7-text wpcf7-validates-as-required\" aria-required=\"true\" aria-invalid=\"false\" value=\"\" type=\"text\" name=\"your-name\" \/><\/span> <\/label>\n<\/p>\n<p><label> Seu e-mail<br \/>\n<span class=\"wpcf7-form-control-wrap\" data-name=\"your-email\"><input size=\"40\" class=\"wpcf7-form-control wpcf7-text wpcf7-email wpcf7-validates-as-required wpcf7-validates-as-email\" aria-required=\"true\" aria-invalid=\"false\" value=\"\" type=\"email\" name=\"your-email\" \/><\/span> <\/label>\n<\/p>\n<p><label> Assunto<br \/>\n<span class=\"wpcf7-form-control-wrap\" data-name=\"your-subject\"><input size=\"40\" class=\"wpcf7-form-control wpcf7-text wpcf7-validates-as-required\" aria-required=\"true\" aria-invalid=\"false\" value=\"\" type=\"text\" name=\"your-subject\" \/><\/span> <\/label>\n<\/p>\n<p><label> Sua mensagem<br \/>\n<span class=\"wpcf7-form-control-wrap\" data-name=\"your-message\"><textarea cols=\"40\" rows=\"10\" class=\"wpcf7-form-control wpcf7-textarea wpcf7-validates-as-required\" aria-required=\"true\" aria-invalid=\"false\" name=\"your-message\"><\/textarea><\/span> <\/label>\n<\/p>\n<p><input class=\"wpcf7-form-control has-spinner wpcf7-submit\" type=\"submit\" value=\"Enviar\" \/>\n<\/p><p style=\"display: none !important;\"><label>&#916;<textarea name=\"_wpcf7_ak_hp_textarea\" cols=\"45\" rows=\"8\" maxlength=\"100\"><\/textarea><\/label><input type=\"hidden\" id=\"ak_js_1\" name=\"_wpcf7_ak_js\" value=\"206\"\/><script>document.getElementById( \"ak_js_1\" ).setAttribute( \"value\", ( new Date() ).getTime() );<\/script><\/p><div class=\"wpcf7-response-output\" aria-hidden=\"true\"><\/div>\n<\/form>\n<\/div>\n[\/vc_column_inner][vc_column_inner width=&#8221;1\/3&#8243;][vc_column_text]<\/p>\n<p style=\"text-align: left; color: #ffffff;\">Telefone: +55 14 99113-5938<\/p>\n<p style=\"text-align: left; color: #ffffff;\">Email: contato@cafejafa.com.br<\/p>\n<p>[\/vc_column_text][\/vc_column_inner][\/vc_row_inner][\/vc_column][\/vc_row][\/vc_section]<\/p>\n","protected":false},"excerpt":{"rendered":"<p>[vc_section full_width=&#8221;stretch_row&#8221; full_height=&#8221;yes&#8221; content_placement=&#8221;middle&#8221; video_bg=&#8221;yes&#8221; video_bg_url=&#8221;https:\/\/www.youtube.com\/watch?v=i_XV7YCRzKo&#8221; el_id=&#8221;topo&#8221; el_class=&#8221;scroller-block&#8221;][vc_row][vc_column][vc_empty_space][vc_column_text] O caf\u00e9 original de Jafa [\/vc_column_text][vc_column_text] Conhe\u00e7a o sabor \u00fanico da regi\u00e3o&#8230;.<\/p>\n","protected":false},"author":1,"featured_media":0,"parent":0,"menu_order":0,"comment_status":"closed","ping_status":"closed","template":"","meta":{"om_disable_all_campaigns":false,"_mi_skip_tracking":false,"_monsterinsights_sitenote_active":false,"_monsterinsights_sitenote_note":"","_monsterinsights_sitenote_category":0,"footnotes":""},"_links":{"self":[{"href":"https:\/\/www.cafejafa.com.br\/index.php\/wp-json\/wp\/v2\/pages\/6"}],"collection":[{"href":"https:\/\/www.cafejafa.com.br\/index.php\/wp-json\/wp\/v2\/pages"}],"about":[{"href":"https:\/\/www.cafejafa.com.br\/index.php\/wp-json\/wp\/v2\/types\/page"}],"author":[{"embeddable":true,"href":"https:\/\/www.cafejafa.com.br\/index.php\/wp-json\/wp\/v2\/users\/1"}],"replies":[{"embeddable":true,"href":"https:\/\/www.cafejafa.com.br\/index.php\/wp-json\/wp\/v2\/comments?post=6"}],"version-history":[{"count":108,"href":"https:\/\/www.cafejafa.com.br\/index.php\/wp-json\/wp\/v2\/pages\/6\/revisions"}],"predecessor-version":[{"id":177,"href":"https:\/\/www.cafejafa.com.br\/index.php\/wp-json\/wp\/v2\/pages\/6\/revisions\/177"}],"wp:attachment":[{"href":"https:\/\/www.cafejafa.com.br\/index.php\/wp-json\/wp\/v2\/media?parent=6"}],"curies":[{"name":"wp","href":"https:\/\/api.w.org\/{rel}","templated":true}]}}